{"id":2706,"date":"2023-07-27T10:19:13","date_gmt":"2023-07-27T10:19:13","guid":{"rendered":"https:\/\/salonbookly.ginpe.com\/?page_id=2706"},"modified":"2023-08-31T09:49:05","modified_gmt":"2023-08-31T09:49:05","slug":"news-articles","status":"publish","type":"page","link":"https:\/\/salonbookly.com\/vi\/news-articles\/","title":{"rendered":"Tin t\u1ee9c &amp; B\u00e0i vi\u1ebft"},"content":{"rendered":"<div data-elementor-type=\"wp-page\" data-elementor-id=\"2706\" class=\"elementor elementor-2706\" data-elementor-post-type=\"page\">\r\n\t\t\t\t\t\t\t\t\t<section class=\"elementor-section elementor-top-section elementor-element elementor-element-405c2ae elementor-section-boxed elementor-section-height-default elementor-section-height-default\" data-id=\"405c2ae\" data-element_type=\"section\">\r\n\t\t\t\t\t\t<div class=\"elementor-container elementor-column-gap-default\">\r\n\t\t\t\t\t<div class=\"elementor-column elementor-col-100 elementor-top-column elementor-element elementor-element-b5b8f73\" data-id=\"b5b8f73\" data-element_type=\"column\">\r\n\t\t\t<div class=\"elementor-widget-wrap elementor-element-populated\">\r\n\t\t\t\t\t\t\t\t<div class=\"elementor-element elementor-element-2eafb83 elementor-widget elementor-widget-heading\" data-id=\"2eafb83\" data-element_type=\"widget\" data-widget_type=\"heading.default\">\r\n\t\t\t\t<div class=\"elementor-widget-container\">\r\n\t\t\t<style>\/*! elementor - v3.14.0 - 26-06-2023 *\/\n.elementor-heading-title{padding:0;margin:0;line-height:1}.elementor-widget-heading .elementor-heading-title[class*=elementor-size-]>a{color:inherit;font-size:inherit;line-height:inherit}.elementor-widget-heading .elementor-heading-title.elementor-size-small{font-size:15px}.elementor-widget-heading .elementor-heading-title.elementor-size-medium{font-size:19px}.elementor-widget-heading .elementor-heading-title.elementor-size-large{font-size:29px}.elementor-widget-heading .elementor-heading-title.elementor-size-xl{font-size:39px}.elementor-widget-heading .elementor-heading-title.elementor-size-xxl{font-size:59px}<\/style><h1 class=\"elementor-heading-title elementor-size-default\">Tin t\u1ee9c &amp; S\u1ef1 ki\u1ec7n<\/h1>\t\t<\/div>\r\n\t\t\t\t<\/div>\r\n\t\t\t\t\t<\/div>\r\n\t\t<\/div>\r\n\t\t\t\t\t\t\t<\/div>\r\n\t\t<\/section>\r\n\t\t\t\t<section class=\"elementor-section elementor-top-section elementor-element elementor-element-8f73497 elementor-section-boxed elementor-section-height-default elementor-section-height-default\" data-id=\"8f73497\" data-element_type=\"section\">\r\n\t\t\t\t\t\t<div class=\"elementor-container elementor-column-gap-default\">\r\n\t\t\t\t\t<div class=\"elementor-column elementor-col-100 elementor-top-column elementor-element elementor-element-743792f\" data-id=\"743792f\" data-element_type=\"column\">\r\n\t\t\t<div class=\"elementor-widget-wrap elementor-element-populated\">\r\n\t\t\t\t\t\t\t\t<div class=\"elementor-element elementor-element-5e2f546 elementor-grid-2 block-card-post elementor-grid-tablet-2 elementor-grid-mobile-1 elementor-posts--thumbnail-top elementor-widget elementor-widget-posts\" data-id=\"5e2f546\" data-element_type=\"widget\" data-settings=\"{&quot;classic_columns&quot;:&quot;2&quot;,&quot;pagination_type&quot;:&quot;numbers_and_prev_next&quot;,&quot;classic_masonry&quot;:&quot;yes&quot;,&quot;classic_columns_tablet&quot;:&quot;2&quot;,&quot;classic_columns_mobile&quot;:&quot;1&quot;,&quot;classic_row_gap&quot;:{&quot;unit&quot;:&quot;px&quot;,&quot;size&quot;:35,&quot;sizes&quot;:[]},&quot;classic_row_gap_laptop&quot;:{&quot;unit&quot;:&quot;px&quot;,&quot;size&quot;:&quot;&quot;,&quot;sizes&quot;:[]},&quot;classic_row_gap_tablet_extra&quot;:{&quot;unit&quot;:&quot;px&quot;,&quot;size&quot;:&quot;&quot;,&quot;sizes&quot;:[]},&quot;classic_row_gap_tablet&quot;:{&quot;unit&quot;:&quot;px&quot;,&quot;size&quot;:&quot;&quot;,&quot;sizes&quot;:[]},&quot;classic_row_gap_mobile_extra&quot;:{&quot;unit&quot;:&quot;px&quot;,&quot;size&quot;:&quot;&quot;,&quot;sizes&quot;:[]},&quot;classic_row_gap_mobile&quot;:{&quot;unit&quot;:&quot;px&quot;,&quot;size&quot;:&quot;&quot;,&quot;sizes&quot;:[]}}\" data-widget_type=\"posts.classic\">\r\n\t\t\t\t<div class=\"elementor-widget-container\">\r\n\t\t\t<link rel=\"stylesheet\" href=\"https:\/\/salonbookly.com\/wp-content\/plugins\/elementor-pro\/assets\/css\/widget-posts.min.css\">\t\t<div class=\"elementor-posts-container elementor-posts elementor-posts--skin-classic elementor-grid\">\r\n\t\t\t\t<article class=\"elementor-post elementor-grid-item post-5924 post type-post status-publish format-standard has-post-thumbnail hentry category-uncategorized\">\r\n\t\t\t\t<a class=\"elementor-post__thumbnail__link\" href=\"https:\/\/salonbookly.com\/vi\/explore-fall-colors-with-salonbookly\/\" >\r\n\t\t\t<div class=\"elementor-post__thumbnail\"><img loading=\"lazy\" decoding=\"async\" width=\"300\" height=\"300\" src=\"https:\/\/salonbookly.com\/wp-content\/uploads\/2023\/10\/1.png\" class=\"attachment-medium size-medium wp-image-5925\" alt=\"\" \/><\/div>\r\n\t\t<\/a>\r\n\t\t\t\t<div class=\"elementor-post__text\">\r\n\t\t\t\t<h3 class=\"elementor-post__title\">\r\n\t\t\t<a href=\"https:\/\/salonbookly.com\/vi\/explore-fall-colors-with-salonbookly\/\" >\r\n\t\t\t\t<strong>Explore Fall Colors with Salonbookly<\/strong>\t\t\t<\/a>\r\n\t\t<\/h3>\r\n\t\t\t\t<div class=\"elementor-post__meta-data\">\r\n\t\t\t\t\t<span class=\"elementor-post-date\">\r\n\t\t\tTh\u00e1ng 10 11, 2023\t\t<\/span>\r\n\t\t\t\t<\/div>\r\n\t\t\t\t<div class=\"elementor-post__excerpt\">\r\n\t\t\t<p>Fall is a great time to explore the warm colours of nature, and Salonbookly is ready to welcome you to its space to help you<\/p>\n\t\t<\/div>\r\n\t\t\r\n\t\t<a class=\"elementor-post__read-more\" href=\"https:\/\/salonbookly.com\/vi\/explore-fall-colors-with-salonbookly\/\" aria-label=\"Read more about &lt;strong&gt;Explore Fall Colors with Salonbookly&lt;\/strong&gt;\" >\r\n\t\t\tXem th\u00eam \u00bb\t\t<\/a>\r\n\r\n\t\t\t\t<\/div>\r\n\t\t\t\t<\/article>\r\n\t\t\t\t<article class=\"elementor-post elementor-grid-item post-5887 post type-post status-publish format-standard has-post-thumbnail hentry category-uncategorized\">\r\n\t\t\t\t<a class=\"elementor-post__thumbnail__link\" href=\"https:\/\/salonbookly.com\/vi\/this-years-fall-nail-trends\/\" >\r\n\t\t\t<div class=\"elementor-post__thumbnail\"><img loading=\"lazy\" decoding=\"async\" width=\"300\" height=\"251\" src=\"https:\/\/salonbookly.com\/wp-content\/uploads\/2023\/09\/1-1.png\" class=\"attachment-medium size-medium wp-image-5888\" alt=\"\" \/><\/div>\r\n\t\t<\/a>\r\n\t\t\t\t<div class=\"elementor-post__text\">\r\n\t\t\t\t<h3 class=\"elementor-post__title\">\r\n\t\t\t<a href=\"https:\/\/salonbookly.com\/vi\/this-years-fall-nail-trends\/\" >\r\n\t\t\t\t<strong>THIS YEAR&#8217;S FALL NAIL TRENDS!<\/strong>\t\t\t<\/a>\r\n\t\t<\/h3>\r\n\t\t\t\t<div class=\"elementor-post__meta-data\">\r\n\t\t\t\t\t<span class=\"elementor-post-date\">\r\n\t\t\tTh\u00e1ng 9 27, 2023\t\t<\/span>\r\n\t\t\t\t<\/div>\r\n\t\t\t\t<div class=\"elementor-post__excerpt\">\r\n\t\t\t<p>Fall 2023 will be the time of the newest and most sought-after nail trends. Nail experts have found a way to create unique and luxurious<\/p>\n\t\t<\/div>\r\n\t\t\r\n\t\t<a class=\"elementor-post__read-more\" href=\"https:\/\/salonbookly.com\/vi\/this-years-fall-nail-trends\/\" aria-label=\"Read more about &lt;strong&gt;THIS YEAR&rsquo;S FALL NAIL TRENDS!&lt;\/strong&gt;\" >\r\n\t\t\tXem th\u00eam \u00bb\t\t<\/a>\r\n\r\n\t\t\t\t<\/div>\r\n\t\t\t\t<\/article>\r\n\t\t\t\t<article class=\"elementor-post elementor-grid-item post-5879 post type-post status-publish format-standard has-post-thumbnail hentry category-uncategorized\">\r\n\t\t\t\t<a class=\"elementor-post__thumbnail__link\" href=\"https:\/\/salonbookly.com\/vi\/sunday-funday-enjoy-an-exciting-time-at-the-salon-book-in-advance-with-salonbookly\/\" >\r\n\t\t\t<div class=\"elementor-post__thumbnail\"><img loading=\"lazy\" decoding=\"async\" width=\"300\" height=\"169\" src=\"https:\/\/salonbookly.com\/wp-content\/uploads\/2023\/09\/1.png\" class=\"attachment-medium size-medium wp-image-5881\" alt=\"\" \/><\/div>\r\n\t\t<\/a>\r\n\t\t\t\t<div class=\"elementor-post__text\">\r\n\t\t\t\t<h3 class=\"elementor-post__title\">\r\n\t\t\t<a href=\"https:\/\/salonbookly.com\/vi\/sunday-funday-enjoy-an-exciting-time-at-the-salon-book-in-advance-with-salonbookly\/\" >\r\n\t\t\t\t<strong>[Sunday Funday] Enjoy an Exciting Time at the Salon: Book in Advance with SalonBookly<\/strong>\t\t\t<\/a>\r\n\t\t<\/h3>\r\n\t\t\t\t<div class=\"elementor-post__meta-data\">\r\n\t\t\t\t\t<span class=\"elementor-post-date\">\r\n\t\t\tTh\u00e1ng 9 25, 2023\t\t<\/span>\r\n\t\t\t\t<\/div>\r\n\t\t\t\t<div class=\"elementor-post__excerpt\">\r\n\t\t\t<p>Every Sunday is a fantastic opportunity for you to unwind and create memorable moments with friends or family. And there&#8217;s nothing more exciting than spending<\/p>\n\t\t<\/div>\r\n\t\t\r\n\t\t<a class=\"elementor-post__read-more\" href=\"https:\/\/salonbookly.com\/vi\/sunday-funday-enjoy-an-exciting-time-at-the-salon-book-in-advance-with-salonbookly\/\" aria-label=\"Read more about &lt;strong&gt;[Sunday Funday] Enjoy an Exciting Time at the Salon: Book in Advance with SalonBookly&lt;\/strong&gt;\" >\r\n\t\t\tXem th\u00eam \u00bb\t\t<\/a>\r\n\r\n\t\t\t\t<\/div>\r\n\t\t\t\t<\/article>\r\n\t\t\t\t<article class=\"elementor-post elementor-grid-item post-5853 post type-post status-publish format-standard has-post-thumbnail hentry category-uncategorized\">\r\n\t\t\t\t<a class=\"elementor-post__thumbnail__link\" href=\"https:\/\/salonbookly.com\/vi\/embrace-convenience-online-booking-for-nail-salons\/\" >\r\n\t\t\t<div class=\"elementor-post__thumbnail\"><img loading=\"lazy\" decoding=\"async\" width=\"300\" height=\"169\" src=\"https:\/\/salonbookly.com\/wp-content\/uploads\/2023\/08\/1.png\" class=\"attachment-medium size-medium wp-image-5856\" alt=\"\" \/><\/div>\r\n\t\t<\/a>\r\n\t\t\t\t<div class=\"elementor-post__text\">\r\n\t\t\t\t<h3 class=\"elementor-post__title\">\r\n\t\t\t<a href=\"https:\/\/salonbookly.com\/vi\/embrace-convenience-online-booking-for-nail-salons\/\" >\r\n\t\t\t\t<strong>T\u1eadn H\u01b0\u1edfng S\u1ef1 Ti\u1ec7n L\u1ee3i: \u0110\u1eb7t L\u1ecbch Tr\u1ef1c Tuy\u1ebfn Cho Ti\u1ec7m Nails<\/strong>\t\t\t<\/a>\r\n\t\t<\/h3>\r\n\t\t\t\t<div class=\"elementor-post__meta-data\">\r\n\t\t\t\t\t<span class=\"elementor-post-date\">\r\n\t\t\tTh\u00e1ng 8 31, 2023\t\t<\/span>\r\n\t\t\t\t<\/div>\r\n\t\t\t\t<div class=\"elementor-post__excerpt\">\r\n\t\t\t<p>Trong th\u1ebf gi\u1edbi hi\u1ec7n nay, n\u01a1i cu\u1ed9c s\u1ed1ng di\u1ec5n ra nhanh ch\u00f3ng, ti\u1ec7n l\u1ee3i l\u00e0 y\u1ebfu t\u1ed1 quan tr\u1ecdng v\u00e0 \u0111i\u1ec1u n\u00e0y c\u0169ng \u00e1p d\u1ee5ng cho vi\u1ec7c ch\u0103m s\u00f3c s\u1eafc \u0111\u1eb9p c\u1ee7a ch\u00fang ta. C\u00e1c ti\u1ec7m nails c\u0169ng kh\u00f4ng n\u1eb1m ngo\u00e0i tr\u01b0\u1eddng h\u1ee3p n\u00e0y v\u00e0 h\u1ecd \u0111ang \u00e1p d\u1ee5ng c\u00f4ng ngh\u1ec7 \u0111\u1ec3 mang \u0111\u1ebfn tr\u1ea3i nghi\u1ec7m m\u01b0\u1ee3t m\u00e0 cho kh\u00e1ch h\u00e0ng.<\/p>\n\t\t<\/div>\r\n\t\t\r\n\t\t<a class=\"elementor-post__read-more\" href=\"https:\/\/salonbookly.com\/vi\/embrace-convenience-online-booking-for-nail-salons\/\" aria-label=\"Read more about &lt;strong&gt;T\u1eadn H\u01b0\u1edfng S\u1ef1 Ti\u1ec7n L\u1ee3i: \u0110\u1eb7t L\u1ecbch Tr\u1ef1c Tuy\u1ebfn Cho Ti\u1ec7m Nails&lt;\/strong&gt;\" >\r\n\t\t\tXem th\u00eam \u00bb\t\t<\/a>\r\n\r\n\t\t\t\t<\/div>\r\n\t\t\t\t<\/article>\r\n\t\t\t\t<article class=\"elementor-post elementor-grid-item post-5787 post type-post status-publish format-standard has-post-thumbnail hentry category-uncategorized\">\r\n\t\t\t\t<a class=\"elementor-post__thumbnail__link\" href=\"https:\/\/salonbookly.com\/vi\/salonbookly-smart-and-effective-nail-salon-management-solution-2023\/\" >\r\n\t\t\t<div class=\"elementor-post__thumbnail\"><img loading=\"lazy\" decoding=\"async\" width=\"300\" height=\"169\" src=\"https:\/\/salonbookly.com\/wp-content\/uploads\/2023\/07\/1-1.png\" class=\"attachment-medium size-medium wp-image-5802\" alt=\"\" \/><\/div>\r\n\t\t<\/a>\r\n\t\t\t\t<div class=\"elementor-post__text\">\r\n\t\t\t\t<h3 class=\"elementor-post__title\">\r\n\t\t\t<a href=\"https:\/\/salonbookly.com\/vi\/salonbookly-smart-and-effective-nail-salon-management-solution-2023\/\" >\r\n\t\t\t\tSalonbookly gi\u1ea3i ph\u00e1p qu\u1ea3n l\u00fd ti\u1ec7m nail th\u00f4ng minh, hi\u1ec7u qu\u1ea3 2023\t\t\t<\/a>\r\n\t\t<\/h3>\r\n\t\t\t\t<div class=\"elementor-post__meta-data\">\r\n\t\t\t\t\t<span class=\"elementor-post-date\">\r\n\t\t\tTh\u00e1ng 8 30, 2023\t\t<\/span>\r\n\t\t\t\t<\/div>\r\n\t\t\t\t<div class=\"elementor-post__excerpt\">\r\n\t\t\t<p>Trong th\u1eddi \u0111\u1ea1i c\u00f4ng ngh\u1ec7 hi\u1ec7n \u0111\u1ea1i 5.0 nh\u01b0 hi\u1ec7n nay, vi\u1ec7c s\u1eed d\u1ee5ng c\u00e1c ph\u1ea7n m\u1ec1m qu\u1ea3n l\u00fd l\u00e0 \u0111i\u1ec1u kh\u00f4ng th\u1ec3 thi\u1ebfu trong c\u00e1c ho\u1ea1t \u0111\u1ed9ng kinh doanh.<\/p>\n\t\t<\/div>\r\n\t\t\r\n\t\t<a class=\"elementor-post__read-more\" href=\"https:\/\/salonbookly.com\/vi\/salonbookly-smart-and-effective-nail-salon-management-solution-2023\/\" aria-label=\"Read more about Salonbookly, Smart and effective nail salon management solution 2023\" >\r\n\t\t\tXem th\u00eam \u00bb\t\t<\/a>\r\n\r\n\t\t\t\t<\/div>\r\n\t\t\t\t<\/article>\r\n\t\t\t\t<\/div>\r\n\t\t\r\n\t\t\t\t<\/div>\r\n\t\t\t\t<\/div>\r\n\t\t\t\t\t<\/div>\r\n\t\t<\/div>\r\n\t\t\t\t\t\t\t<\/div>\r\n\t\t<\/section>\r\n\t\t\t\t\t\t\t<\/div>","protected":false},"excerpt":{"rendered":"<p>Tin t\u1ee9c &amp; S\u1ef1 ki\u1ec7n<\/p>","protected":false},"author":1,"featured_media":0,"parent":0,"menu_order":0,"comment_status":"closed","ping_status":"closed","template":"","meta":{"footnotes":""},"class_list":["post-2706","page","type-page","status-publish","hentry"],"yoast_head":"<!-- This site is optimized with the Yoast SEO plugin v20.9 - https:\/\/yoast.com\/wordpress\/plugins\/seo\/ -->\n<title>News &amp; Articles - Salonbookly<\/title>\n<meta name=\"robots\" content=\"index, follow, max-snippet:-1, max-image-preview:large, max-video-preview:-1\" \/>\n<link rel=\"canonical\" href=\"https:\/\/salonbookly.com\/vi\/news-articles\/\" \/>\n<meta property=\"og:locale\" content=\"vi_VN\" \/>\n<meta property=\"og:type\" content=\"article\" \/>\n<meta property=\"og:title\" content=\"News &amp; Articles - Salonbookly\" \/>\n<meta property=\"og:description\" content=\"News &amp; Event\" \/>\n<meta property=\"og:url\" content=\"https:\/\/salonbookly.com\/vi\/news-articles\/\" \/>\n<meta property=\"og:site_name\" content=\"Salonbookly\" \/>\n<meta property=\"article:modified_time\" content=\"2023-08-31T09:49:05+00:00\" \/>\n<meta property=\"og:image\" content=\"https:\/\/salonbookly.com\/wp-content\/uploads\/2023\/07\/mockup.png\" \/>\n\t<meta property=\"og:image:width\" content=\"640\" \/>\n\t<meta property=\"og:image:height\" content=\"640\" \/>\n\t<meta property=\"og:image:type\" content=\"image\/png\" \/>\n<meta name=\"twitter:card\" content=\"summary_large_image\" \/>\n<meta name=\"twitter:label1\" content=\"\u01af\u1edbc t\u00ednh th\u1eddi gian \u0111\u1ecdc\" \/>\n\t<meta name=\"twitter:data1\" content=\"1 ph\u00fat\" \/>\n<script type=\"application\/ld+json\" class=\"yoast-schema-graph\">{\"@context\":\"https:\/\/schema.org\",\"@graph\":[{\"@type\":\"WebPage\",\"@id\":\"https:\/\/salonbookly.com\/news-articles\/\",\"url\":\"https:\/\/salonbookly.com\/news-articles\/\",\"name\":\"News &amp; Articles - Salonbookly\",\"isPartOf\":{\"@id\":\"https:\/\/salonbookly.com\/#website\"},\"datePublished\":\"2023-07-27T10:19:13+00:00\",\"dateModified\":\"2023-08-31T09:49:05+00:00\",\"breadcrumb\":{\"@id\":\"https:\/\/salonbookly.com\/news-articles\/#breadcrumb\"},\"inLanguage\":\"vi\",\"potentialAction\":[{\"@type\":\"ReadAction\",\"target\":[\"https:\/\/salonbookly.com\/news-articles\/\"]}]},{\"@type\":\"BreadcrumbList\",\"@id\":\"https:\/\/salonbookly.com\/news-articles\/#breadcrumb\",\"itemListElement\":[{\"@type\":\"ListItem\",\"position\":1,\"name\":\"Home\",\"item\":\"https:\/\/salonbookly.com\/\"},{\"@type\":\"ListItem\",\"position\":2,\"name\":\"News &amp; Articles\"}]},{\"@type\":\"WebSite\",\"@id\":\"https:\/\/salonbookly.com\/#website\",\"url\":\"https:\/\/salonbookly.com\/\",\"name\":\"Salonbookly\",\"description\":\"Booking, Salon, Nails\",\"publisher\":{\"@id\":\"https:\/\/salonbookly.com\/#organization\"},\"potentialAction\":[{\"@type\":\"SearchAction\",\"target\":{\"@type\":\"EntryPoint\",\"urlTemplate\":\"https:\/\/salonbookly.com\/?s={search_term_string}\"},\"query-input\":\"required name=search_term_string\"}],\"inLanguage\":\"vi\"},{\"@type\":\"Organization\",\"@id\":\"https:\/\/salonbookly.com\/#organization\",\"name\":\"Salonbookly\",\"url\":\"https:\/\/salonbookly.com\/\",\"logo\":{\"@type\":\"ImageObject\",\"inLanguage\":\"vi\",\"@id\":\"https:\/\/salonbookly.com\/#\/schema\/logo\/image\/\",\"url\":\"https:\/\/salonbookly.com\/wp-content\/uploads\/2023\/07\/keyline-logo-name-2-1.svg\",\"contentUrl\":\"https:\/\/salonbookly.com\/wp-content\/uploads\/2023\/07\/keyline-logo-name-2-1.svg\",\"width\":50,\"height\":50,\"caption\":\"Salonbookly\"},\"image\":{\"@id\":\"https:\/\/salonbookly.com\/#\/schema\/logo\/image\/\"}}]}<\/script>\n<!-- \/ Yoast SEO plugin. -->","yoast_head_json":{"title":"News &amp; Articles - Salonbookly","robots":{"index":"index","follow":"follow","max-snippet":"max-snippet:-1","max-image-preview":"max-image-preview:large","max-video-preview":"max-video-preview:-1"},"canonical":"https:\/\/salonbookly.com\/vi\/news-articles\/","og_locale":"vi_VN","og_type":"article","og_title":"News &amp; Articles - Salonbookly","og_description":"News &amp; Event","og_url":"https:\/\/salonbookly.com\/vi\/news-articles\/","og_site_name":"Salonbookly","article_modified_time":"2023-08-31T09:49:05+00:00","og_image":[{"width":640,"height":640,"url":"https:\/\/salonbookly.com\/wp-content\/uploads\/2023\/07\/mockup.png","type":"image\/png"}],"twitter_card":"summary_large_image","twitter_misc":{"\u01af\u1edbc t\u00ednh th\u1eddi gian \u0111\u1ecdc":"1 ph\u00fat"},"schema":{"@context":"https:\/\/schema.org","@graph":[{"@type":"WebPage","@id":"https:\/\/salonbookly.com\/news-articles\/","url":"https:\/\/salonbookly.com\/news-articles\/","name":"News &amp; Articles - Salonbookly","isPartOf":{"@id":"https:\/\/salonbookly.com\/#website"},"datePublished":"2023-07-27T10:19:13+00:00","dateModified":"2023-08-31T09:49:05+00:00","breadcrumb":{"@id":"https:\/\/salonbookly.com\/news-articles\/#breadcrumb"},"inLanguage":"vi","potentialAction":[{"@type":"ReadAction","target":["https:\/\/salonbookly.com\/news-articles\/"]}]},{"@type":"BreadcrumbList","@id":"https:\/\/salonbookly.com\/news-articles\/#breadcrumb","itemListElement":[{"@type":"ListItem","position":1,"name":"Home","item":"https:\/\/salonbookly.com\/"},{"@type":"ListItem","position":2,"name":"News &amp; Articles"}]},{"@type":"WebSite","@id":"https:\/\/salonbookly.com\/#website","url":"https:\/\/salonbookly.com\/","name":"Salonbookly","description":"Booking, Salon, Nails","publisher":{"@id":"https:\/\/salonbookly.com\/#organization"},"potentialAction":[{"@type":"SearchAction","target":{"@type":"EntryPoint","urlTemplate":"https:\/\/salonbookly.com\/?s={search_term_string}"},"query-input":"required name=search_term_string"}],"inLanguage":"vi"},{"@type":"Organization","@id":"https:\/\/salonbookly.com\/#organization","name":"Salonbookly","url":"https:\/\/salonbookly.com\/","logo":{"@type":"ImageObject","inLanguage":"vi","@id":"https:\/\/salonbookly.com\/#\/schema\/logo\/image\/","url":"https:\/\/salonbookly.com\/wp-content\/uploads\/2023\/07\/keyline-logo-name-2-1.svg","contentUrl":"https:\/\/salonbookly.com\/wp-content\/uploads\/2023\/07\/keyline-logo-name-2-1.svg","width":50,"height":50,"caption":"Salonbookly"},"image":{"@id":"https:\/\/salonbookly.com\/#\/schema\/logo\/image\/"}}]}},"_links":{"self":[{"href":"https:\/\/salonbookly.com\/vi\/wp-json\/wp\/v2\/pages\/2706","targetHints":{"allow":["GET"]}}],"collection":[{"href":"https:\/\/salonbookly.com\/vi\/wp-json\/wp\/v2\/pages"}],"about":[{"href":"https:\/\/salonbookly.com\/vi\/wp-json\/wp\/v2\/types\/page"}],"author":[{"embeddable":true,"href":"https:\/\/salonbookly.com\/vi\/wp-json\/wp\/v2\/users\/1"}],"replies":[{"embeddable":true,"href":"https:\/\/salonbookly.com\/vi\/wp-json\/wp\/v2\/comments?post=2706"}],"version-history":[{"count":6,"href":"https:\/\/salonbookly.com\/vi\/wp-json\/wp\/v2\/pages\/2706\/revisions"}],"predecessor-version":[{"id":5917,"href":"https:\/\/salonbookly.com\/vi\/wp-json\/wp\/v2\/pages\/2706\/revisions\/5917"}],"wp:attachment":[{"href":"https:\/\/salonbookly.com\/vi\/wp-json\/wp\/v2\/media?parent=2706"}],"curies":[{"name":"wp","href":"https:\/\/api.w.org\/{rel}","templated":true}]}}